{"id":10013,"date":"2017-05-22T08:45:41","date_gmt":"2017-05-22T07:45:41","guid":{"rendered":"https:\/\/www.flovinno.com\/?page_id=10013\/"},"modified":"2017-06-08T10:27:29","modified_gmt":"2017-06-08T09:27:29","slug":"wedding-french-riviera","status":"publish","type":"page","link":"https:\/\/www.flovinno.com\/en\/wedding-french-riviera\/","title":{"rendered":"Wedding on the French Riviera"},"content":{"rendered":"\n<style type=\"text\/css\" data-created_by=\"avia_inline_auto\" id=\"style-css-av-av_one_full-6126cab7d8fab8d08143dd2dacdf673c\">\n.flex_column.av-av_one_full-6126cab7d8fab8d08143dd2dacdf673c{\nborder-radius:0px 0px 0px 0px;\npadding:0px 0px 0px 0px;\n}\n<\/style>\n<div  class='flex_column av-av_one_full-6126cab7d8fab8d08143dd2dacdf673c av_one_full  avia-builder-el-0  el_before_av_one_half  avia-builder-el-first  first flex_column_div av-zero-column-padding  '     ><section  class='av_textblock_section av-av_textblock-396ddf1f42196ca838231e61a4602801 '   itemscope=\"itemscope\" itemtype=\"https:\/\/schema.org\/CreativeWork\" ><div class='avia_textblock'  itemprop=\"text\" ><h2 style=\"text-align: center;\">Get married on the French Riviera !<\/h2>\n<\/div><\/section><\/div>\n\n<style type=\"text\/css\" data-created_by=\"avia_inline_auto\" id=\"style-css-av-av_hr-4474f20d2389e2e5ecf918a02da5132e\">\n#top .hr.hr-invisible.av-av_hr-4474f20d2389e2e5ecf918a02da5132e{\nheight:50px;\n}\n<\/style>\n<div  class='hr av-av_hr-4474f20d2389e2e5ecf918a02da5132e hr-invisible'><span class='hr-inner '><span class=\"hr-inner-style\"><\/span><\/span><\/div>\n\n<style type=\"text\/css\" data-created_by=\"avia_inline_auto\" id=\"style-css-av-av_one_half-6126cab7d8fab8d08143dd2dacdf673c\">\n.flex_column.av-av_one_half-6126cab7d8fab8d08143dd2dacdf673c{\nborder-radius:0px 0px 0px 0px;\npadding:0px 0px 0px 0px;\n}\n<\/style>\n<div  class='flex_column av-av_one_half-6126cab7d8fab8d08143dd2dacdf673c av_one_half  avia-builder-el-2  el_after_av_one_full  el_before_av_one_half  first flex_column_div av-zero-column-padding  column-top-margin'     ><section  class='av_textblock_section av-av_textblock-396ddf1f42196ca838231e61a4602801 '   itemscope=\"itemscope\" itemtype=\"https:\/\/schema.org\/CreativeWork\" ><div class='avia_textblock'  itemprop=\"text\" ><p>The charm that comes from the south of France\u00a0will make your wedding unique!<\/p>\n<p>Whether you want to get married on the beach or in a bastide, we can provide any kind of atmosphere you\u2019d like to create for your wedding day. Our <a href=\"https:\/\/www.flovinno.com\/en\/about-us\/\">team<\/a> will take care of everything for you!<\/p>\n<p>From the first meeting over Skype or email, we will closely listen to your wishes, and do our best to make them a reality.<\/p>\n<p>The French Riviera has a lot to offer, villas, beaches, bastides\u2026 there are many places for you to celebrate your union that will let you\u00a0many unforgettable memories!<\/p>\n<p>Do not hesitate to\u00a0<a href=\"https:\/\/www.flovinno.com\/en\/contact-us\/\">contact us<\/a>.<\/p>\n<\/div><\/section><\/div>\n\n<style type=\"text\/css\" data-created_by=\"avia_inline_auto\" id=\"style-css-av-av_one_half-0aa7055fe62c3622faec82866afbaeb2\">\n.flex_column.av-av_one_half-0aa7055fe62c3622faec82866afbaeb2{\nborder-radius:0px 0px 0px 0px;\npadding:0px 0px 0px 0px;\n}\n<\/style>\n<div  class='flex_column av-av_one_half-0aa7055fe62c3622faec82866afbaeb2 av_one_half  avia-builder-el-4  el_after_av_one_half  avia-builder-el-last  flex_column_div av-zero-column-padding  column-top-margin'     ><style type=\"text\/css\" data-created_by=\"avia_inline_auto\" id=\"style-css-av-av_image-2ac78dea6eb8a073dba1d4a0bdf96b44\">\n.avia-image-container.av-av_image-2ac78dea6eb8a073dba1d4a0bdf96b44 img.avia_image{\nbox-shadow:none;\n}\n.avia-image-container.av-av_image-2ac78dea6eb8a073dba1d4a0bdf96b44 .av-image-caption-overlay-center{\ncolor:#ffffff;\n}\n<\/style>\n<div  class='avia-image-container av-av_image-2ac78dea6eb8a073dba1d4a0bdf96b44 av-styling- avia-align-center  avia-builder-el-5  el_before_av_image  avia-builder-el-first '   itemprop=\"image\" itemscope=\"itemscope\" itemtype=\"https:\/\/schema.org\/ImageObject\" ><div class=\"avia-image-container-inner\"><div class=\"avia-image-overlay-wrap\"><img decoding=\"async\" fetchpriority=\"high\" class='wp-image-10015 avia-img-lazy-loading-not-10015 avia_image ' src=\"https:\/\/www.flovinno.com\/wp-content\/uploads\/2016\/07\/ceremonie-laique-en-bord-de-mer-300x200.jpg\" alt='' title='ceremonie-laique-en-bord-de-mer'  height=\"200\" width=\"300\"  itemprop=\"thumbnailUrl\" srcset=\"https:\/\/www.flovinno.com\/wp-content\/uploads\/2016\/07\/ceremonie-laique-en-bord-de-mer-300x200.jpg 300w, https:\/\/www.flovinno.com\/wp-content\/uploads\/2016\/07\/ceremonie-laique-en-bord-de-mer-450x300.jpg 450w, https:\/\/www.flovinno.com\/wp-content\/uploads\/2016\/07\/ceremonie-laique-en-bord-de-mer-768x512.jpg 768w, https:\/\/www.flovinno.com\/wp-content\/uploads\/2016\/07\/ceremonie-laique-en-bord-de-mer.jpg 1030w, https:\/\/www.flovinno.com\/wp-content\/uploads\/2016\/07\/ceremonie-laique-en-bord-de-mer-250x167.jpg 250w, https:\/\/www.flovinno.com\/wp-content\/uploads\/2016\/07\/ceremonie-laique-en-bord-de-mer-705x470.jpg 705w\" sizes=\"(max-width: 300px) 100vw, 300px\" \/><\/div><\/div><\/div><\/div>\n<div  class='hr av-av_hr-dcd2069817a0e3d34ae04cad8f3443c7 hr-default'><span class='hr-inner '><span class=\"hr-inner-style\"><\/span><\/span><\/div>\n\n<style type=\"text\/css\" data-created_by=\"avia_inline_auto\" id=\"style-css-av-av_one_third-6126cab7d8fab8d08143dd2dacdf673c\">\n.flex_column.av-av_one_third-6126cab7d8fab8d08143dd2dacdf673c{\nborder-radius:0px 0px 0px 0px;\npadding:0px 0px 0px 0px;\n}\n<\/style>\n<div  class='flex_column av-av_one_third-6126cab7d8fab8d08143dd2dacdf673c av_one_third first flex_column_div av-zero-column-padding  '     ><section  class='av_textblock_section av-av_textblock-396ddf1f42196ca838231e61a4602801 '   itemscope=\"itemscope\" itemtype=\"https:\/\/schema.org\/CreativeWork\" ><div class='avia_textblock'  itemprop=\"text\" ><h2 style=\"text-align: center;\">Villa<\/h2>\n<\/div><\/section><\/div>\n<style type=\"text\/css\" data-created_by=\"avia_inline_auto\" id=\"style-css-av-av_one_third-0aa7055fe62c3622faec82866afbaeb2\">\n.flex_column.av-av_one_third-0aa7055fe62c3622faec82866afbaeb2{\nborder-radius:0px 0px 0px 0px;\npadding:0px 0px 0px 0px;\n}\n<\/style>\n<div  class='flex_column av-av_one_third-0aa7055fe62c3622faec82866afbaeb2 av_one_third flex_column_div av-zero-column-padding  '     ><section  class='av_textblock_section av-av_textblock-396ddf1f42196ca838231e61a4602801 '   itemscope=\"itemscope\" itemtype=\"https:\/\/schema.org\/CreativeWork\" ><div class='avia_textblock'  itemprop=\"text\" ><h2 style=\"text-align: center;\">Beach<\/h2>\n<\/div><\/section><\/div>\n<style type=\"text\/css\" data-created_by=\"avia_inline_auto\" id=\"style-css-av-av_one_third-0aa7055fe62c3622faec82866afbaeb2\">\n.flex_column.av-av_one_third-0aa7055fe62c3622faec82866afbaeb2{\nborder-radius:0px 0px 0px 0px;\npadding:0px 0px 0px 0px;\n}\n<\/style>\n<div  class='flex_column av-av_one_third-0aa7055fe62c3622faec82866afbaeb2 av_one_third flex_column_div av-zero-column-padding  '     ><section  class='av_textblock_section av-av_textblock-396ddf1f42196ca838231e61a4602801 '   itemscope=\"itemscope\" itemtype=\"https:\/\/schema.org\/CreativeWork\" ><div class='avia_textblock'  itemprop=\"text\" ><h2 style=\"text-align: center;\">Bastide<\/h2>\n<\/div><\/section><\/div>\n<style type=\"text\/css\" data-created_by=\"avia_inline_auto\" id=\"style-css-av-av_one_third-6126cab7d8fab8d08143dd2dacdf673c\">\n.flex_column.av-av_one_third-6126cab7d8fab8d08143dd2dacdf673c{\nborder-radius:0px 0px 0px 0px;\npadding:0px 0px 0px 0px;\n}\n<\/style>\n<div  class='flex_column av-av_one_third-6126cab7d8fab8d08143dd2dacdf673c av_one_third first flex_column_div av-zero-column-padding  '     ><style type=\"text\/css\" data-created_by=\"avia_inline_auto\" id=\"style-css-av-av_image-4022f3a03f885003b4c1bde08fb2229c\">\n.avia-image-container.av-av_image-4022f3a03f885003b4c1bde08fb2229c img.avia_image{\nbox-shadow:none;\n}\n.avia-image-container.av-av_image-4022f3a03f885003b4c1bde08fb2229c .av-image-caption-overlay-center{\ncolor:#ffffff;\n}\n<\/style>\n<div  class='avia-image-container av-av_image-4022f3a03f885003b4c1bde08fb2229c av-styling- avia-align-center  avia-builder-el-6  el_after_av_image  el_before_av_image '   itemprop=\"image\" itemscope=\"itemscope\" itemtype=\"https:\/\/schema.org\/ImageObject\" ><div class=\"avia-image-container-inner\"><div class=\"avia-image-overlay-wrap\"><img decoding=\"async\" fetchpriority=\"high\" class='wp-image-15540 avia-img-lazy-loading-not-15540 avia_image ' src=\"https:\/\/www.flovinno.com\/wp-content\/uploads\/2016\/03\/644358_959971357352757_6293583384269235741_n-300x200.jpg\" alt='' title='644358_959971357352757_6293583384269235741_n'  height=\"200\" width=\"300\"  itemprop=\"thumbnailUrl\" srcset=\"https:\/\/www.flovinno.com\/wp-content\/uploads\/2016\/03\/644358_959971357352757_6293583384269235741_n-300x200.jpg 300w, https:\/\/www.flovinno.com\/wp-content\/uploads\/2016\/03\/644358_959971357352757_6293583384269235741_n-450x300.jpg 450w, https:\/\/www.flovinno.com\/wp-content\/uploads\/2016\/03\/644358_959971357352757_6293583384269235741_n-250x167.jpg 250w, https:\/\/www.flovinno.com\/wp-content\/uploads\/2016\/03\/644358_959971357352757_6293583384269235741_n.jpg 500w\" sizes=\"(max-width: 300px) 100vw, 300px\" \/><\/div><\/div><\/div><\/div><\/p>\n\n<style type=\"text\/css\" data-created_by=\"avia_inline_auto\" id=\"style-css-av-av_one_third-0aa7055fe62c3622faec82866afbaeb2\">\n.flex_column.av-av_one_third-0aa7055fe62c3622faec82866afbaeb2{\nborder-radius:0px 0px 0px 0px;\npadding:0px 0px 0px 0px;\n}\n<\/style>\n<div  class='flex_column av-av_one_third-0aa7055fe62c3622faec82866afbaeb2 av_one_third flex_column_div av-zero-column-padding  '     ><style type=\"text\/css\" data-created_by=\"avia_inline_auto\" id=\"style-css-av-av_image-a712e7ae4843c29b1f70886ff821d3e9\">\n.avia-image-container.av-av_image-a712e7ae4843c29b1f70886ff821d3e9 img.avia_image{\nbox-shadow:none;\n}\n.avia-image-container.av-av_image-a712e7ae4843c29b1f70886ff821d3e9 .av-image-caption-overlay-center{\ncolor:#ffffff;\n}\n<\/style>\n<div  class='avia-image-container av-av_image-a712e7ae4843c29b1f70886ff821d3e9 av-styling- avia-align-center  avia-builder-el-7  el_after_av_image  avia-builder-el-last '   itemprop=\"image\" itemscope=\"itemscope\" itemtype=\"https:\/\/schema.org\/ImageObject\" ><div class=\"avia-image-container-inner\"><div class=\"avia-image-overlay-wrap\"><img decoding=\"async\" fetchpriority=\"high\" class='wp-image-15543 avia-img-lazy-loading-not-15543 avia_image ' src=\"https:\/\/www.flovinno.com\/wp-content\/uploads\/2016\/03\/Sans-titre-1-300x200.jpg\" alt='' title='Sans titre-1'  height=\"200\" width=\"300\"  itemprop=\"thumbnailUrl\" srcset=\"https:\/\/www.flovinno.com\/wp-content\/uploads\/2016\/03\/Sans-titre-1-300x200.jpg 300w, https:\/\/www.flovinno.com\/wp-content\/uploads\/2016\/03\/Sans-titre-1-450x299.jpg 450w, https:\/\/www.flovinno.com\/wp-content\/uploads\/2016\/03\/Sans-titre-1-250x166.jpg 250w, https:\/\/www.flovinno.com\/wp-content\/uploads\/2016\/03\/Sans-titre-1.jpg 702w\" sizes=\"(max-width: 300px) 100vw, 300px\" \/><\/div><\/div><\/div><\/div>\n\n<style type=\"text\/css\" data-created_by=\"avia_inline_auto\" id=\"style-css-av-av_one_third-0aa7055fe62c3622faec82866afbaeb2\">\n.flex_column.av-av_one_third-0aa7055fe62c3622faec82866afbaeb2{\nborder-radius:0px 0px 0px 0px;\npadding:0px 0px 0px 0px;\n}\n<\/style>\n<div  class='flex_column av-av_one_third-0aa7055fe62c3622faec82866afbaeb2 av_one_third flex_column_div av-zero-column-padding  '     ><style type=\"text\/css\" data-created_by=\"avia_inline_auto\" id=\"style-css-av-av_image-7ca206e9978d1159e015753983babc78\">\n.avia-image-container.av-av_image-7ca206e9978d1159e015753983babc78 img.avia_image{\nbox-shadow:none;\n}\n.avia-image-container.av-av_image-7ca206e9978d1159e015753983babc78 .av-image-caption-overlay-center{\ncolor:#ffffff;\n}\n<\/style>\n<div  class='avia-image-container av-av_image-7ca206e9978d1159e015753983babc78 av-styling- avia-align-center'   itemprop=\"image\" itemscope=\"itemscope\" itemtype=\"https:\/\/schema.org\/ImageObject\" ><div class=\"avia-image-container-inner\"><div class=\"avia-image-overlay-wrap\"><img decoding=\"async\" fetchpriority=\"high\" class='wp-image-15544 avia-img-lazy-loading-not-15544 avia_image ' src=\"https:\/\/www.flovinno.com\/wp-content\/uploads\/2016\/03\/Sans-titre-1-1-300x200.jpg\" alt='' title='French Bastide'  height=\"200\" width=\"300\"  itemprop=\"thumbnailUrl\" srcset=\"https:\/\/www.flovinno.com\/wp-content\/uploads\/2016\/03\/Sans-titre-1-1-300x200.jpg 300w, https:\/\/www.flovinno.com\/wp-content\/uploads\/2016\/03\/Sans-titre-1-1-450x299.jpg 450w, https:\/\/www.flovinno.com\/wp-content\/uploads\/2016\/03\/Sans-titre-1-1-250x166.jpg 250w, https:\/\/www.flovinno.com\/wp-content\/uploads\/2016\/03\/Sans-titre-1-1.jpg 702w\" sizes=\"(max-width: 300px) 100vw, 300px\" \/><\/div><\/div><\/div><\/div>\n\n<style type=\"text\/css\" data-created_by=\"avia_inline_auto\" id=\"style-css-av-av_one_third-6126cab7d8fab8d08143dd2dacdf673c\">\n.flex_column.av-av_one_third-6126cab7d8fab8d08143dd2dacdf673c{\nborder-radius:0px 0px 0px 0px;\npadding:0px 0px 0px 0px;\n}\n<\/style>\n<div  class='flex_column av-av_one_third-6126cab7d8fab8d08143dd2dacdf673c av_one_third first flex_column_div av-zero-column-padding  '     ><section  class='av_textblock_section av-av_textblock-396ddf1f42196ca838231e61a4602801 '   itemscope=\"itemscope\" itemtype=\"https:\/\/schema.org\/CreativeWork\" ><div class='avia_textblock'  itemprop=\"text\" ><p style=\"text-align: center;\">Rise above in a splendid villa, enjoy the warmth of the French Riviera\u00a0and set your wedding in a place overlooking the sea.<\/p>\n<\/div><\/section><\/div>\n\n<style type=\"text\/css\" data-created_by=\"avia_inline_auto\" id=\"style-css-av-av_one_third-0aa7055fe62c3622faec82866afbaeb2\">\n.flex_column.av-av_one_third-0aa7055fe62c3622faec82866afbaeb2{\nborder-radius:0px 0px 0px 0px;\npadding:0px 0px 0px 0px;\n}\n<\/style>\n<div  class='flex_column av-av_one_third-0aa7055fe62c3622faec82866afbaeb2 av_one_third flex_column_div av-zero-column-padding  '     ><section  class='av_textblock_section av-av_textblock-396ddf1f42196ca838231e61a4602801 '   itemscope=\"itemscope\" itemtype=\"https:\/\/schema.org\/CreativeWork\" ><div class='avia_textblock'  itemprop=\"text\" ><p style=\"text-align: center;\">What could be better than to getting married on a beach by the sea? Enjoy a wonderful wedding on a private beach for you and your guests !<\/p>\n<\/div><\/section><\/div>\n\n<style type=\"text\/css\" data-created_by=\"avia_inline_auto\" id=\"style-css-av-av_one_third-0aa7055fe62c3622faec82866afbaeb2\">\n.flex_column.av-av_one_third-0aa7055fe62c3622faec82866afbaeb2{\nborder-radius:0px 0px 0px 0px;\npadding:0px 0px 0px 0px;\n}\n<\/style>\n<div  class='flex_column av-av_one_third-0aa7055fe62c3622faec82866afbaeb2 av_one_third flex_column_div av-zero-column-padding  '     ><section  class='av_textblock_section av-av_textblock-396ddf1f42196ca838231e61a4602801 '   itemscope=\"itemscope\" itemtype=\"https:\/\/schema.org\/CreativeWork\" ><div class='avia_textblock'  itemprop=\"text\" ><p style=\"text-align: center;\">Create your dream wedding in a unique Proven\u00e7al bastide, an iconic\u00a0venue that you and your guests can enjoy. Between land and sea, you will discover the true beauty of the French Riviera.<\/p>\n<\/div><\/section><\/div>\n","protected":false},"excerpt":{"rendered":"","protected":false},"author":10,"featured_media":0,"parent":0,"menu_order":0,"comment_status":"closed","ping_status":"closed","template":"","meta":{"_exactmetrics_skip_tracking":false,"_exactmetrics_sitenote_active":false,"_exactmetrics_sitenote_note":"","_exactmetrics_sitenote_category":0,"footnotes":""},"class_list":["post-10013","page","type-page","status-publish","hentry"],"yoast_head":"<!-- This site is optimized with the Yoast SEO plugin v26.6 - https:\/\/yoast.com\/wordpress\/plugins\/seo\/ -->\n<title>Wedding on the French Riviera - Flovinno Wedding<\/title>\n<meta name=\"description\" content=\"Get married on the French Riviera ! Wide beaches, nice weather... What an idyllic venue to marry you! Intimate wedding or not, you&#039;ll find your happiness !\" \/>\n<meta name=\"robots\" content=\"index, follow, max-snippet:-1, max-image-preview:large, max-video-preview:-1\" \/>\n<link rel=\"canonical\" href=\"https:\/\/www.flovinno.com\/en\/wedding-french-riviera\/\" \/>\n<meta property=\"og:locale\" content=\"en_US\" \/>\n<meta property=\"og:type\" content=\"article\" \/>\n<meta property=\"og:title\" content=\"Wedding on the French Riviera - Flovinno Wedding\" \/>\n<meta property=\"og:description\" content=\"Get married on the French Riviera ! Wide beaches, nice weather... What an idyllic venue to marry you! Intimate wedding or not, you&#039;ll find your happiness !\" \/>\n<meta property=\"og:url\" content=\"https:\/\/www.flovinno.com\/en\/wedding-french-riviera\/\" \/>\n<meta property=\"og:site_name\" content=\"Flovinno: Conseil, Organisation \u00e9v\u00e8nements &amp; mariages\" \/>\n<meta property=\"article:publisher\" content=\"https:\/\/www.facebook.com\/flovinno.wedding.planner\/\" \/>\n<meta property=\"article:modified_time\" content=\"2017-06-08T09:27:29+00:00\" \/>\n<meta name=\"twitter:card\" content=\"summary_large_image\" \/>\n<meta name=\"twitter:label1\" content=\"Est. reading time\" \/>\n\t<meta name=\"twitter:data1\" content=\"6 minutes\" \/>\n<script type=\"application\/ld+json\" class=\"yoast-schema-graph\">{\"@context\":\"https:\/\/schema.org\",\"@graph\":[{\"@type\":\"WebPage\",\"@id\":\"https:\/\/www.flovinno.com\/en\/wedding-french-riviera\/\",\"url\":\"https:\/\/www.flovinno.com\/en\/wedding-french-riviera\/\",\"name\":\"Wedding on the French Riviera - Flovinno Wedding\",\"isPartOf\":{\"@id\":\"https:\/\/www.flovinno.com\/#website\"},\"datePublished\":\"2017-05-22T07:45:41+00:00\",\"dateModified\":\"2017-06-08T09:27:29+00:00\",\"description\":\"Get married on the French Riviera ! Wide beaches, nice weather... What an idyllic venue to marry you! Intimate wedding or not, you'll find your happiness !\",\"breadcrumb\":{\"@id\":\"https:\/\/www.flovinno.com\/en\/wedding-french-riviera\/#breadcrumb\"},\"inLanguage\":\"en-US\",\"potentialAction\":[{\"@type\":\"ReadAction\",\"target\":[\"https:\/\/www.flovinno.com\/en\/wedding-french-riviera\/\"]}]},{\"@type\":\"BreadcrumbList\",\"@id\":\"https:\/\/www.flovinno.com\/en\/wedding-french-riviera\/#breadcrumb\",\"itemListElement\":[{\"@type\":\"ListItem\",\"position\":1,\"name\":\"Accueil\",\"item\":\"https:\/\/www.flovinno.com\/en\/\"},{\"@type\":\"ListItem\",\"position\":2,\"name\":\"Wedding on the French Riviera\"}]},{\"@type\":\"WebSite\",\"@id\":\"https:\/\/www.flovinno.com\/#website\",\"url\":\"https:\/\/www.flovinno.com\/\",\"name\":\"Flovinno: Conseil, Organisation \u00e9v\u00e8nements &amp; mariages\",\"description\":\"Conseil et Organisation d&#039;\u00e9v\u00e8nements, mariages, c\u00e9r\u00e9monies la\u00efques, animations et d\u00e9corations\",\"potentialAction\":[{\"@type\":\"SearchAction\",\"target\":{\"@type\":\"EntryPoint\",\"urlTemplate\":\"https:\/\/www.flovinno.com\/?s={search_term_string}\"},\"query-input\":{\"@type\":\"PropertyValueSpecification\",\"valueRequired\":true,\"valueName\":\"search_term_string\"}}],\"inLanguage\":\"en-US\"}]}<\/script>\n<!-- \/ Yoast SEO plugin. -->","yoast_head_json":{"title":"Wedding on the French Riviera - Flovinno Wedding","description":"Get married on the French Riviera ! Wide beaches, nice weather... What an idyllic venue to marry you! Intimate wedding or not, you'll find your happiness !","robots":{"index":"index","follow":"follow","max-snippet":"max-snippet:-1","max-image-preview":"max-image-preview:large","max-video-preview":"max-video-preview:-1"},"canonical":"https:\/\/www.flovinno.com\/en\/wedding-french-riviera\/","og_locale":"en_US","og_type":"article","og_title":"Wedding on the French Riviera - Flovinno Wedding","og_description":"Get married on the French Riviera ! Wide beaches, nice weather... What an idyllic venue to marry you! Intimate wedding or not, you'll find your happiness !","og_url":"https:\/\/www.flovinno.com\/en\/wedding-french-riviera\/","og_site_name":"Flovinno: Conseil, Organisation \u00e9v\u00e8nements &amp; mariages","article_publisher":"https:\/\/www.facebook.com\/flovinno.wedding.planner\/","article_modified_time":"2017-06-08T09:27:29+00:00","twitter_card":"summary_large_image","twitter_misc":{"Est. reading time":"6 minutes"},"schema":{"@context":"https:\/\/schema.org","@graph":[{"@type":"WebPage","@id":"https:\/\/www.flovinno.com\/en\/wedding-french-riviera\/","url":"https:\/\/www.flovinno.com\/en\/wedding-french-riviera\/","name":"Wedding on the French Riviera - Flovinno Wedding","isPartOf":{"@id":"https:\/\/www.flovinno.com\/#website"},"datePublished":"2017-05-22T07:45:41+00:00","dateModified":"2017-06-08T09:27:29+00:00","description":"Get married on the French Riviera ! Wide beaches, nice weather... What an idyllic venue to marry you! Intimate wedding or not, you'll find your happiness !","breadcrumb":{"@id":"https:\/\/www.flovinno.com\/en\/wedding-french-riviera\/#breadcrumb"},"inLanguage":"en-US","potentialAction":[{"@type":"ReadAction","target":["https:\/\/www.flovinno.com\/en\/wedding-french-riviera\/"]}]},{"@type":"BreadcrumbList","@id":"https:\/\/www.flovinno.com\/en\/wedding-french-riviera\/#breadcrumb","itemListElement":[{"@type":"ListItem","position":1,"name":"Accueil","item":"https:\/\/www.flovinno.com\/en\/"},{"@type":"ListItem","position":2,"name":"Wedding on the French Riviera"}]},{"@type":"WebSite","@id":"https:\/\/www.flovinno.com\/#website","url":"https:\/\/www.flovinno.com\/","name":"Flovinno: Conseil, Organisation \u00e9v\u00e8nements &amp; mariages","description":"Conseil et Organisation d&#039;\u00e9v\u00e8nements, mariages, c\u00e9r\u00e9monies la\u00efques, animations et d\u00e9corations","potentialAction":[{"@type":"SearchAction","target":{"@type":"EntryPoint","urlTemplate":"https:\/\/www.flovinno.com\/?s={search_term_string}"},"query-input":{"@type":"PropertyValueSpecification","valueRequired":true,"valueName":"search_term_string"}}],"inLanguage":"en-US"}]}},"_links":{"self":[{"href":"https:\/\/www.flovinno.com\/en\/wp-json\/wp\/v2\/pages\/10013","targetHints":{"allow":["GET"]}}],"collection":[{"href":"https:\/\/www.flovinno.com\/en\/wp-json\/wp\/v2\/pages"}],"about":[{"href":"https:\/\/www.flovinno.com\/en\/wp-json\/wp\/v2\/types\/page"}],"author":[{"embeddable":true,"href":"https:\/\/www.flovinno.com\/en\/wp-json\/wp\/v2\/users\/10"}],"replies":[{"embeddable":true,"href":"https:\/\/www.flovinno.com\/en\/wp-json\/wp\/v2\/comments?post=10013"}],"version-history":[{"count":0,"href":"https:\/\/www.flovinno.com\/en\/wp-json\/wp\/v2\/pages\/10013\/revisions"}],"wp:attachment":[{"href":"https:\/\/www.flovinno.com\/en\/wp-json\/wp\/v2\/media?parent=10013"}],"curies":[{"name":"wp","href":"https:\/\/api.w.org\/{rel}","templated":true}]}}