{"id":10370,"date":"2017-05-24T15:01:59","date_gmt":"2017-05-24T14:01:59","guid":{"rendered":"https:\/\/www.flovinno.com\/?page_id=10370\/"},"modified":"2017-06-08T10:30:58","modified_gmt":"2017-06-08T09:30:58","slug":"wedding-planner-france","status":"publish","type":"page","link":"https:\/\/www.flovinno.com\/en\/","title":{"rendered":"Wedding Planning Services in France"},"content":{"rendered":"<section  class='av_textblock_section av-av_textblock-396ddf1f42196ca838231e61a4602801 '   itemscope=\"itemscope\" itemtype=\"https:\/\/schema.org\/CreativeWork\" ><div class='avia_textblock'  itemprop=\"text\" ><p>[layerslider id=&#8221;12&#8243;]<\/p>\n<\/div><\/section>\n\n<style type=\"text\/css\" data-created_by=\"avia_inline_auto\" id=\"style-css-av-av_one_full-6126cab7d8fab8d08143dd2dacdf673c\">\n.flex_column.av-av_one_full-6126cab7d8fab8d08143dd2dacdf673c{\nborder-radius:0px 0px 0px 0px;\npadding:0px 0px 0px 0px;\n}\n<\/style>\n<div  class='flex_column av-av_one_full-6126cab7d8fab8d08143dd2dacdf673c av_one_full first flex_column_div av-zero-column-padding  '     ><style type=\"text\/css\" data-created_by=\"avia_inline_auto\" id=\"style-css-av-av_image-90e91bbe77abcf36381108165c434a35\">\n.avia-image-container.av-av_image-90e91bbe77abcf36381108165c434a35 img.avia_image{\nbox-shadow:none;\n}\n.avia-image-container.av-av_image-90e91bbe77abcf36381108165c434a35 .av-image-caption-overlay-center{\ncolor:#ffffff;\n}\n<\/style>\n<div  class='avia-image-container av-av_image-90e91bbe77abcf36381108165c434a35 av-styling- avia-align-center'   itemprop=\"image\" itemscope=\"itemscope\" itemtype=\"https:\/\/schema.org\/ImageObject\" ><div class=\"avia-image-container-inner\"><div class=\"avia-image-overlay-wrap\"><img decoding=\"async\" fetchpriority=\"high\" class='wp-image-16020 avia-img-lazy-loading-not-16020 avia_image ' src=\"https:\/\/www.flovinno.com\/wp-content\/uploads\/2017\/05\/logo-flovinno-wedding-english-moins-lourd-300x156.jpg\" alt='' title='Flovinno wedding planner in France'  height=\"156\" width=\"300\"  itemprop=\"thumbnailUrl\" srcset=\"https:\/\/www.flovinno.com\/wp-content\/uploads\/2017\/05\/logo-flovinno-wedding-english-moins-lourd.jpg 300w, https:\/\/www.flovinno.com\/wp-content\/uploads\/2017\/05\/logo-flovinno-wedding-english-moins-lourd-250x130.jpg 250w\" sizes=\"(max-width: 300px) 100vw, 300px\" \/><\/div><\/div><\/div><\/div>\n\n<style type=\"text\/css\" data-created_by=\"avia_inline_auto\" id=\"style-css-av-av_one_full-6126cab7d8fab8d08143dd2dacdf673c\">\n.flex_column.av-av_one_full-6126cab7d8fab8d08143dd2dacdf673c{\nborder-radius:0px 0px 0px 0px;\npadding:0px 0px 0px 0px;\n}\n<\/style>\n<div  class='flex_column av-av_one_full-6126cab7d8fab8d08143dd2dacdf673c av_one_full first flex_column_div av-zero-column-padding  '     ><section  class='av_textblock_section av-av_textblock-396ddf1f42196ca838231e61a4602801 '   itemscope=\"itemscope\" itemtype=\"https:\/\/schema.org\/CreativeWork\" ><div class='avia_textblock'  itemprop=\"text\" ><h2 style=\"text-align: center;\">Flovinno Wedding\u00a0is an expert wedding planner in France<\/h2>\n<p style=\"text-align: center;\"><em>&#8220;Wedding ceremonies, wedding proposal, vow renewal&#8230;&#8221;<\/em><\/p>\n<p style=\"text-align: center;\">Your wedding day is the time when all your dreams come true. You are celebrating your love, and what could be more romantic than celebrating it in France?<\/p>\n<p style=\"text-align: center;\">Our\u00a0<a href=\"https:\/\/www.flovinno.com\/en\/about-us\/\">wedding planning team<\/a>\u00a0will be here to support you in\u00a0every step of the way, from finding the best venue, to the coordination of\u00a0the big\u00a0day! We create unique ceremonies that match\u00a0yourself.<\/p>\n<p style=\"text-align: center;\">During our Skype sessions or email conversations, we will get to know each others so we can\u00a0design\u00a0an unforgettable wedding for you and your guests. We will organize everything from\u00a0your arrival in France to your departure, and get everything ready so that you can fully enjoy your wedding.<\/p>\n<p style=\"text-align: center;\">We make sure to find the best service providers to offer you an memorable\u00a0wedding in France.<\/p>\n<p style=\"text-align: center;\">We provide real tailor-made weddings,\u00a0wherever and however you want it! It can happen in the middle of the ruins of a castle, or you can rise above in a villa. Enjoy an elopement in\u00a0<a href=\"https:\/\/www.flovinno.com\/en\/wedding-in-paris\/\">Paris<\/a>, the\u00a0<a href=\"https:\/\/www.flovinno.com\/en\/wedding-french-riviera\/\">French Riviera<\/a>\u00a0or\u00a0<a href=\"https:\/\/www.flovinno.com\/en\/wedding-in-normandy\/\">Normandy<\/a>\u00a0!<\/p>\n<p style=\"text-align: center;\">Please\u00a0<a href=\"https:\/\/www.flovinno.com\/en\/contact-us\/\">contact us<\/a>, and don&#8217;t forget to join us on\u00a0<a href=\"https:\/\/www.facebook.com\/flovinno.wedding.planner\/\">Facebook<\/a>,\u00a0<a href=\"https:\/\/www.instagram.com\/flovinno\/\">Instagram<\/a>,\u00a0<a href=\"https:\/\/fr.pinterest.com\/flovinno\/\">Pinterest<\/a>\u00a0and\u00a0<a href=\"https:\/\/www.youtube.com\/watch?v=pvkQcWtc8_I\">YouTube<\/a>\u00a0!<\/p>\n<\/div><\/section><\/div>\n<div  class='hr av-av_hr-6ab6857e054c15feb14d8aa4c966228f hr-default'><span class='hr-inner '><span class=\"hr-inner-style\"><\/span><\/span><\/div>\n\n<style type=\"text\/css\" data-created_by=\"avia_inline_auto\" id=\"style-css-av-av_one_third-6126cab7d8fab8d08143dd2dacdf673c\">\n.flex_column.av-av_one_third-6126cab7d8fab8d08143dd2dacdf673c{\nborder-radius:0px 0px 0px 0px;\npadding:0px 0px 0px 0px;\n}\n<\/style>\n<div  class='flex_column av-av_one_third-6126cab7d8fab8d08143dd2dacdf673c av_one_third first flex_column_div av-zero-column-padding  '     ><section  class='av_textblock_section av-av_textblock-396ddf1f42196ca838231e61a4602801 '   itemscope=\"itemscope\" itemtype=\"https:\/\/schema.org\/CreativeWork\" ><div class='avia_textblock'  itemprop=\"text\" ><h2 style=\"text-align: center;\">Wedding in Paris<\/h2>\n<\/div><\/section><\/div>\n\n<style type=\"text\/css\" data-created_by=\"avia_inline_auto\" id=\"style-css-av-av_one_third-0aa7055fe62c3622faec82866afbaeb2\">\n.flex_column.av-av_one_third-0aa7055fe62c3622faec82866afbaeb2{\nborder-radius:0px 0px 0px 0px;\npadding:0px 0px 0px 0px;\n}\n<\/style>\n<div  class='flex_column av-av_one_third-0aa7055fe62c3622faec82866afbaeb2 av_one_third flex_column_div av-zero-column-padding  '     ><section  class='av_textblock_section av-av_textblock-396ddf1f42196ca838231e61a4602801 '   itemscope=\"itemscope\" itemtype=\"https:\/\/schema.org\/CreativeWork\" ><div class='avia_textblock'  itemprop=\"text\" ><h2 style=\"text-align: center;\">Wedding on the French Riviera<\/h2>\n<\/div><\/section><\/div>\n\n<style type=\"text\/css\" data-created_by=\"avia_inline_auto\" id=\"style-css-av-av_one_third-0aa7055fe62c3622faec82866afbaeb2\">\n.flex_column.av-av_one_third-0aa7055fe62c3622faec82866afbaeb2{\nborder-radius:0px 0px 0px 0px;\npadding:0px 0px 0px 0px;\n}\n<\/style>\n<div  class='flex_column av-av_one_third-0aa7055fe62c3622faec82866afbaeb2 av_one_third flex_column_div av-zero-column-padding  '     ><section  class='av_textblock_section av-av_textblock-396ddf1f42196ca838231e61a4602801 '   itemscope=\"itemscope\" itemtype=\"https:\/\/schema.org\/CreativeWork\" ><div class='avia_textblock'  itemprop=\"text\" ><h2 style=\"text-align: center;\">Wedding in Normandy<\/h2>\n<\/div><\/section><\/div>\n\n<style type=\"text\/css\" data-created_by=\"avia_inline_auto\" id=\"style-css-av-av_one_third-6126cab7d8fab8d08143dd2dacdf673c\">\n.flex_column.av-av_one_third-6126cab7d8fab8d08143dd2dacdf673c{\nborder-radius:0px 0px 0px 0px;\npadding:0px 0px 0px 0px;\n}\n<\/style>\n<div  class='flex_column av-av_one_third-6126cab7d8fab8d08143dd2dacdf673c av_one_third first flex_column_div av-zero-column-padding  '     ><style type=\"text\/css\" data-created_by=\"avia_inline_auto\" id=\"style-css-av-av_image-455137e382f540e81da86e056c00245c\">\n.avia-image-container.av-av_image-455137e382f540e81da86e056c00245c img.avia_image{\nbox-shadow:none;\n}\n.avia-image-container.av-av_image-455137e382f540e81da86e056c00245c .av-image-caption-overlay-center{\ncolor:#ffffff;\n}\n<\/style>\n<div  class='avia-image-container av-av_image-455137e382f540e81da86e056c00245c av-styling- av-img-linked avia-align-center'   itemprop=\"image\" itemscope=\"itemscope\" itemtype=\"https:\/\/schema.org\/ImageObject\" ><div class=\"avia-image-container-inner\"><div class=\"avia-image-overlay-wrap\"><a href=\"https:\/\/www.flovinno.com\/en\/wedding-in-paris\/\" class='avia_image '  target=\"_blank\"  rel=\"noopener noreferrer\" aria-label='get-married-in-Paris'><img decoding=\"async\" fetchpriority=\"high\" class='wp-image-10039 avia-img-lazy-loading-not-10039 avia_image ' src=\"https:\/\/www.flovinno.com\/wp-content\/uploads\/2016\/03\/get-married-in-Paris-300x200.jpg\" alt='' title='get-married-in-Paris'  height=\"200\" width=\"300\"  itemprop=\"thumbnailUrl\" srcset=\"https:\/\/www.flovinno.com\/wp-content\/uploads\/2016\/03\/get-married-in-Paris-300x200.jpg 300w, https:\/\/www.flovinno.com\/wp-content\/uploads\/2016\/03\/get-married-in-Paris-450x300.jpg 450w, https:\/\/www.flovinno.com\/wp-content\/uploads\/2016\/03\/get-married-in-Paris-768x512.jpg 768w, https:\/\/www.flovinno.com\/wp-content\/uploads\/2016\/03\/get-married-in-Paris-250x167.jpg 250w, https:\/\/www.flovinno.com\/wp-content\/uploads\/2016\/03\/get-married-in-Paris-705x470.jpg 705w, https:\/\/www.flovinno.com\/wp-content\/uploads\/2016\/03\/get-married-in-Paris.jpg 800w\" sizes=\"(max-width: 300px) 100vw, 300px\" \/><\/a><\/div><\/div><\/div><\/div>\n\n<style type=\"text\/css\" data-created_by=\"avia_inline_auto\" id=\"style-css-av-av_one_third-0aa7055fe62c3622faec82866afbaeb2\">\n.flex_column.av-av_one_third-0aa7055fe62c3622faec82866afbaeb2{\nborder-radius:0px 0px 0px 0px;\npadding:0px 0px 0px 0px;\n}\n<\/style>\n<div  class='flex_column av-av_one_third-0aa7055fe62c3622faec82866afbaeb2 av_one_third flex_column_div av-zero-column-padding  '     ><style type=\"text\/css\" data-created_by=\"avia_inline_auto\" id=\"style-css-av-av_image-2f132a1764aecf43e20cb240e0b32bf8\">\n.avia-image-container.av-av_image-2f132a1764aecf43e20cb240e0b32bf8 img.avia_image{\nbox-shadow:none;\n}\n.avia-image-container.av-av_image-2f132a1764aecf43e20cb240e0b32bf8 .av-image-caption-overlay-center{\ncolor:#ffffff;\n}\n<\/style>\n<div  class='avia-image-container av-av_image-2f132a1764aecf43e20cb240e0b32bf8 av-styling- av-img-linked avia-align-center'   itemprop=\"image\" itemscope=\"itemscope\" itemtype=\"https:\/\/schema.org\/ImageObject\" ><div class=\"avia-image-container-inner\"><div class=\"avia-image-overlay-wrap\"><a href=\"https:\/\/www.flovinno.com\/en\/wedding-french-riviera\/\" class='avia_image '  target=\"_blank\"  rel=\"noopener noreferrer\" aria-label='French Bastide'><img decoding=\"async\" fetchpriority=\"high\" class='wp-image-15544 avia-img-lazy-loading-not-15544 avia_image ' src=\"https:\/\/www.flovinno.com\/wp-content\/uploads\/2016\/03\/Sans-titre-1-1-300x200.jpg\" alt='' title='French Bastide'  height=\"200\" width=\"300\"  itemprop=\"thumbnailUrl\" srcset=\"https:\/\/www.flovinno.com\/wp-content\/uploads\/2016\/03\/Sans-titre-1-1-300x200.jpg 300w, https:\/\/www.flovinno.com\/wp-content\/uploads\/2016\/03\/Sans-titre-1-1-450x299.jpg 450w, https:\/\/www.flovinno.com\/wp-content\/uploads\/2016\/03\/Sans-titre-1-1-250x166.jpg 250w, https:\/\/www.flovinno.com\/wp-content\/uploads\/2016\/03\/Sans-titre-1-1.jpg 702w\" sizes=\"(max-width: 300px) 100vw, 300px\" \/><\/a><\/div><\/div><\/div><\/div>\n\n<style type=\"text\/css\" data-created_by=\"avia_inline_auto\" id=\"style-css-av-av_one_third-0aa7055fe62c3622faec82866afbaeb2\">\n.flex_column.av-av_one_third-0aa7055fe62c3622faec82866afbaeb2{\nborder-radius:0px 0px 0px 0px;\npadding:0px 0px 0px 0px;\n}\n<\/style>\n<div  class='flex_column av-av_one_third-0aa7055fe62c3622faec82866afbaeb2 av_one_third flex_column_div av-zero-column-padding  '     ><style type=\"text\/css\" data-created_by=\"avia_inline_auto\" id=\"style-css-av-av_image-012cb01f5b757a831ae7136dd6b9b782\">\n.avia-image-container.av-av_image-012cb01f5b757a831ae7136dd6b9b782 img.avia_image{\nbox-shadow:none;\n}\n.avia-image-container.av-av_image-012cb01f5b757a831ae7136dd6b9b782 .av-image-caption-overlay-center{\ncolor:#ffffff;\n}\n<\/style>\n<div  class='avia-image-container av-av_image-012cb01f5b757a831ae7136dd6b9b782 av-styling- av-img-linked avia-align-center'   itemprop=\"image\" itemscope=\"itemscope\" itemtype=\"https:\/\/schema.org\/ImageObject\" ><div class=\"avia-image-container-inner\"><div class=\"avia-image-overlay-wrap\"><a href=\"https:\/\/www.flovinno.com\/en\/wedding-in-normandy\/\" class='avia_image '  target=\"_blank\"  rel=\"noopener noreferrer\" aria-label='PI10314-hr'><img decoding=\"async\" fetchpriority=\"high\" class='wp-image-15545 avia-img-lazy-loading-not-15545 avia_image ' src=\"https:\/\/www.flovinno.com\/wp-content\/uploads\/2016\/03\/PI10314-hr-1-300x200.jpg\" alt='' title='PI10314-hr'  height=\"200\" width=\"300\"  itemprop=\"thumbnailUrl\" srcset=\"https:\/\/www.flovinno.com\/wp-content\/uploads\/2016\/03\/PI10314-hr-1-300x200.jpg 300w, https:\/\/www.flovinno.com\/wp-content\/uploads\/2016\/03\/PI10314-hr-1-450x300.jpg 450w, https:\/\/www.flovinno.com\/wp-content\/uploads\/2016\/03\/PI10314-hr-1-250x167.jpg 250w, https:\/\/www.flovinno.com\/wp-content\/uploads\/2016\/03\/PI10314-hr-1.jpg 702w\" sizes=\"(max-width: 300px) 100vw, 300px\" \/><\/a><\/div><\/div><\/div><\/div>\n\n<style type=\"text\/css\" data-created_by=\"avia_inline_auto\" id=\"style-css-av-av_one_third-6126cab7d8fab8d08143dd2dacdf673c\">\n.flex_column.av-av_one_third-6126cab7d8fab8d08143dd2dacdf673c{\nborder-radius:0px 0px 0px 0px;\npadding:0px 0px 0px 0px;\n}\n<\/style>\n<div  class='flex_column av-av_one_third-6126cab7d8fab8d08143dd2dacdf673c av_one_third first flex_column_div av-zero-column-padding  '     ><section  class='av_textblock_section av-av_textblock-396ddf1f42196ca838231e61a4602801 '   itemscope=\"itemscope\" itemtype=\"https:\/\/schema.org\/CreativeWork\" ><div class='avia_textblock'  itemprop=\"text\" ><p style=\"text-align: center;\">The city of love is a magical venue to get married&#8230; Very romantic, Paris would be perfect to celebrate your union !<\/p>\n<\/div><\/section><\/div>\n\n<style type=\"text\/css\" data-created_by=\"avia_inline_auto\" id=\"style-css-av-av_one_third-0aa7055fe62c3622faec82866afbaeb2\">\n.flex_column.av-av_one_third-0aa7055fe62c3622faec82866afbaeb2{\nborder-radius:0px 0px 0px 0px;\npadding:0px 0px 0px 0px;\n}\n<\/style>\n<div  class='flex_column av-av_one_third-0aa7055fe62c3622faec82866afbaeb2 av_one_third flex_column_div av-zero-column-padding  '     ><section  class='av_textblock_section av-av_textblock-396ddf1f42196ca838231e61a4602801 '   itemscope=\"itemscope\" itemtype=\"https:\/\/schema.org\/CreativeWork\" ><div class='avia_textblock'  itemprop=\"text\" ><p style=\"text-align: center;\">Sea, sun, and love ! The French Riviera is idyllic for a wedding&#8230; Get married on a sandy beach, and come back home with amazing memories !<\/p>\n<\/div><\/section><\/div>\n\n<style type=\"text\/css\" data-created_by=\"avia_inline_auto\" id=\"style-css-av-av_one_third-0aa7055fe62c3622faec82866afbaeb2\">\n.flex_column.av-av_one_third-0aa7055fe62c3622faec82866afbaeb2{\nborder-radius:0px 0px 0px 0px;\npadding:0px 0px 0px 0px;\n}\n<\/style>\n<div  class='flex_column av-av_one_third-0aa7055fe62c3622faec82866afbaeb2 av_one_third flex_column_div av-zero-column-padding  '     ><section  class='av_textblock_section av-av_textblock-396ddf1f42196ca838231e61a4602801 '   itemscope=\"itemscope\" itemtype=\"https:\/\/schema.org\/CreativeWork\" ><div class='avia_textblock'  itemprop=\"text\" ><p style=\"text-align: center;\">The Normandy is a beautiful region&#8230; Calm and natural, your wedding will be full of charm and magic,\u00a0like\u00a0in\u00a0a fairy tale !<\/p>\n<\/div><\/section><\/div>\n","protected":false},"excerpt":{"rendered":"","protected":false},"author":10,"featured_media":0,"parent":0,"menu_order":1,"comment_status":"closed","ping_status":"closed","template":"","meta":{"_exactmetrics_skip_tracking":false,"_exactmetrics_sitenote_active":false,"_exactmetrics_sitenote_note":"","_exactmetrics_sitenote_category":0,"footnotes":""},"class_list":["post-10370","page","type-page","status-publish","hentry"],"yoast_head":"<!-- This site is optimized with the Yoast SEO plugin v26.6 - https:\/\/yoast.com\/wordpress\/plugins\/seo\/ -->\n<title>Wedding Planning Services in France - Flovinno Wedding<\/title>\n<meta name=\"description\" content=\"Your wedding is a dream coming true, what could be more romantic than celebrating it in France? Paris, French Riviera, Normandy... Trust our Wedding Planner\" \/>\n<meta name=\"robots\" content=\"index, follow, max-snippet:-1, max-image-preview:large, max-video-preview:-1\" \/>\n<link rel=\"canonical\" href=\"https:\/\/www.flovinno.com\/en\/\" \/>\n<meta property=\"og:locale\" content=\"en_US\" \/>\n<meta property=\"og:type\" content=\"article\" \/>\n<meta property=\"og:title\" content=\"Wedding Planning Services in France - Flovinno Wedding\" \/>\n<meta property=\"og:description\" content=\"Your wedding is a dream coming true, what could be more romantic than celebrating it in France? Paris, French Riviera, Normandy... Trust our Wedding Planner\" \/>\n<meta property=\"og:url\" content=\"https:\/\/www.flovinno.com\/en\/\" \/>\n<meta property=\"og:site_name\" content=\"Flovinno: Conseil, Organisation \u00e9v\u00e8nements &amp; mariages\" \/>\n<meta property=\"article:publisher\" content=\"https:\/\/www.facebook.com\/flovinno.wedding.planner\/\" \/>\n<meta property=\"article:modified_time\" content=\"2017-06-08T09:30:58+00:00\" \/>\n<meta name=\"twitter:card\" content=\"summary_large_image\" \/>\n<meta name=\"twitter:label1\" content=\"Est. reading time\" \/>\n\t<meta name=\"twitter:data1\" content=\"6 minutes\" \/>\n<script type=\"application\/ld+json\" class=\"yoast-schema-graph\">{\"@context\":\"https:\/\/schema.org\",\"@graph\":[{\"@type\":\"WebPage\",\"@id\":\"https:\/\/www.flovinno.com\/en\/\",\"url\":\"https:\/\/www.flovinno.com\/en\/\",\"name\":\"Wedding Planning Services in France - Flovinno Wedding\",\"isPartOf\":{\"@id\":\"https:\/\/www.flovinno.com\/#website\"},\"datePublished\":\"2017-05-24T14:01:59+00:00\",\"dateModified\":\"2017-06-08T09:30:58+00:00\",\"description\":\"Your wedding is a dream coming true, what could be more romantic than celebrating it in France? Paris, French Riviera, Normandy... Trust our Wedding Planner\",\"breadcrumb\":{\"@id\":\"https:\/\/www.flovinno.com\/en\/#breadcrumb\"},\"inLanguage\":\"en-US\",\"potentialAction\":[{\"@type\":\"ReadAction\",\"target\":[\"https:\/\/www.flovinno.com\/en\/\"]}]},{\"@type\":\"BreadcrumbList\",\"@id\":\"https:\/\/www.flovinno.com\/en\/#breadcrumb\",\"itemListElement\":[{\"@type\":\"ListItem\",\"position\":1,\"name\":\"Accueil\",\"item\":\"https:\/\/www.flovinno.com\/en\/\"},{\"@type\":\"ListItem\",\"position\":2,\"name\":\"Wedding Planning Services in France\"}]},{\"@type\":\"WebSite\",\"@id\":\"https:\/\/www.flovinno.com\/#website\",\"url\":\"https:\/\/www.flovinno.com\/\",\"name\":\"Flovinno: Conseil, Organisation \u00e9v\u00e8nements &amp; mariages\",\"description\":\"Conseil et Organisation d&#039;\u00e9v\u00e8nements, mariages, c\u00e9r\u00e9monies la\u00efques, animations et d\u00e9corations\",\"potentialAction\":[{\"@type\":\"SearchAction\",\"target\":{\"@type\":\"EntryPoint\",\"urlTemplate\":\"https:\/\/www.flovinno.com\/?s={search_term_string}\"},\"query-input\":{\"@type\":\"PropertyValueSpecification\",\"valueRequired\":true,\"valueName\":\"search_term_string\"}}],\"inLanguage\":\"en-US\"}]}<\/script>\n<!-- \/ Yoast SEO plugin. -->","yoast_head_json":{"title":"Wedding Planning Services in France - Flovinno Wedding","description":"Your wedding is a dream coming true, what could be more romantic than celebrating it in France? Paris, French Riviera, Normandy... Trust our Wedding Planner","robots":{"index":"index","follow":"follow","max-snippet":"max-snippet:-1","max-image-preview":"max-image-preview:large","max-video-preview":"max-video-preview:-1"},"canonical":"https:\/\/www.flovinno.com\/en\/","og_locale":"en_US","og_type":"article","og_title":"Wedding Planning Services in France - Flovinno Wedding","og_description":"Your wedding is a dream coming true, what could be more romantic than celebrating it in France? Paris, French Riviera, Normandy... Trust our Wedding Planner","og_url":"https:\/\/www.flovinno.com\/en\/","og_site_name":"Flovinno: Conseil, Organisation \u00e9v\u00e8nements &amp; mariages","article_publisher":"https:\/\/www.facebook.com\/flovinno.wedding.planner\/","article_modified_time":"2017-06-08T09:30:58+00:00","twitter_card":"summary_large_image","twitter_misc":{"Est. reading time":"6 minutes"},"schema":{"@context":"https:\/\/schema.org","@graph":[{"@type":"WebPage","@id":"https:\/\/www.flovinno.com\/en\/","url":"https:\/\/www.flovinno.com\/en\/","name":"Wedding Planning Services in France - Flovinno Wedding","isPartOf":{"@id":"https:\/\/www.flovinno.com\/#website"},"datePublished":"2017-05-24T14:01:59+00:00","dateModified":"2017-06-08T09:30:58+00:00","description":"Your wedding is a dream coming true, what could be more romantic than celebrating it in France? Paris, French Riviera, Normandy... Trust our Wedding Planner","breadcrumb":{"@id":"https:\/\/www.flovinno.com\/en\/#breadcrumb"},"inLanguage":"en-US","potentialAction":[{"@type":"ReadAction","target":["https:\/\/www.flovinno.com\/en\/"]}]},{"@type":"BreadcrumbList","@id":"https:\/\/www.flovinno.com\/en\/#breadcrumb","itemListElement":[{"@type":"ListItem","position":1,"name":"Accueil","item":"https:\/\/www.flovinno.com\/en\/"},{"@type":"ListItem","position":2,"name":"Wedding Planning Services in France"}]},{"@type":"WebSite","@id":"https:\/\/www.flovinno.com\/#website","url":"https:\/\/www.flovinno.com\/","name":"Flovinno: Conseil, Organisation \u00e9v\u00e8nements &amp; mariages","description":"Conseil et Organisation d&#039;\u00e9v\u00e8nements, mariages, c\u00e9r\u00e9monies la\u00efques, animations et d\u00e9corations","potentialAction":[{"@type":"SearchAction","target":{"@type":"EntryPoint","urlTemplate":"https:\/\/www.flovinno.com\/?s={search_term_string}"},"query-input":{"@type":"PropertyValueSpecification","valueRequired":true,"valueName":"search_term_string"}}],"inLanguage":"en-US"}]}},"_links":{"self":[{"href":"https:\/\/www.flovinno.com\/en\/wp-json\/wp\/v2\/pages\/10370","targetHints":{"allow":["GET"]}}],"collection":[{"href":"https:\/\/www.flovinno.com\/en\/wp-json\/wp\/v2\/pages"}],"about":[{"href":"https:\/\/www.flovinno.com\/en\/wp-json\/wp\/v2\/types\/page"}],"author":[{"embeddable":true,"href":"https:\/\/www.flovinno.com\/en\/wp-json\/wp\/v2\/users\/10"}],"replies":[{"embeddable":true,"href":"https:\/\/www.flovinno.com\/en\/wp-json\/wp\/v2\/comments?post=10370"}],"version-history":[{"count":0,"href":"https:\/\/www.flovinno.com\/en\/wp-json\/wp\/v2\/pages\/10370\/revisions"}],"wp:attachment":[{"href":"https:\/\/www.flovinno.com\/en\/wp-json\/wp\/v2\/media?parent=10370"}],"curies":[{"name":"wp","href":"https:\/\/api.w.org\/{rel}","templated":true}]}}